{"id":987512237,"date":"2026-04-13T20:02:47","date_gmt":"2026-04-13T18:02:47","guid":{"rendered":"https:\/\/icss.hu\/?page_id=987512237"},"modified":"2026-04-14T11:37:55","modified_gmt":"2026-04-14T09:37:55","slug":"987512237-2","status":"publish","type":"page","link":"https:\/\/icss.hu\/index.php\/en\/987512237-2\/","title":{"rendered":"Szechenyi Terv plusz"},"content":{"rendered":"<p>[et_pb_section fb_built=&#8221;1&#8243; fullwidth=&#8221;on&#8221; admin_label=&#8221;Hero&#8221; _builder_version=&#8221;4.23.1&#8243; use_background_color_gradient=&#8221;on&#8221; background_color_gradient_stops=&#8221;#6b6b6b 2%|#898989 99%&#8221; background_image=&#8221;https:\/\/icss.hu\/wp-content\/uploads\/2023\/11\/it-services-02.jpg&#8221; parallax=&#8221;on&#8221; custom_padding=&#8221;0px|0|0px|0px|false|false&#8221; global_colors_info=&#8221;{}&#8221;][et_pb_fullwidth_header text_orientation=&#8221;center&#8221; admin_label=&#8221;Fullwidth Header&#8221; _builder_version=&#8221;4.27.4&#8243; title_font=&#8221;Arial|600|||||||&#8221; title_text_align=&#8221;justify&#8221; title_text_color=&#8221;#FFFFFF&#8221; title_font_size=&#8221;63px&#8221; title_line_height=&#8221;1.2em&#8221; content_font=&#8221;Arial|300|||||||&#8221; content_text_align=&#8221;justify&#8221; content_font_size=&#8221;21px&#8221; content_line_height=&#8221;1.8em&#8221; background_color=&#8221;rgba(158,158,158,0.6)&#8221; use_background_color_gradient=&#8221;on&#8221; background_color_gradient_direction=&#8221;13deg&#8221; background_color_gradient_stops=&#8221;#b2b2b2 0%|rgba(1,18,48,0.05) 41%&#8221; parallax=&#8221;on&#8221; parallax_method=&#8221;on&#8221; custom_button_one=&#8221;on&#8221; button_one_text_size=&#8221;15px&#8221; button_one_bg_color=&#8221;#ffa727&#8243; button_one_border_width=&#8221;15px&#8221; button_one_border_color=&#8221;#ffa727&#8243; button_one_border_radius=&#8221;100px&#8221; button_one_letter_spacing=&#8221;5px&#8221; button_one_font=&#8221;Open Sans|700||on|||||&#8221; module_alignment=&#8221;center&#8221; custom_margin=&#8221;0px|0px|0px|0px|true|true&#8221; custom_padding=&#8221;4vw||4vw||true|&#8221; custom_padding_tablet=&#8221;100px||100px||true&#8221; custom_padding_phone=&#8221;|0px||0px|true|false&#8221; custom_padding_last_edited=&#8221;on|phone&#8221; title_font_size_tablet=&#8221;60px&#8221; title_font_size_phone=&#8221;36px&#8221; title_font_size_last_edited=&#8221;on|phone&#8221; content_font_size_tablet=&#8221;&#8221; content_font_size_phone=&#8221;16px&#8221; content_font_size_last_edited=&#8221;on|phone&#8221; button_one_text_size_tablet=&#8221;&#8221; button_one_text_size_phone=&#8221;&#8221; button_one_text_size_last_edited=&#8221;on|desktop&#8221; button_one_border_color_hover=&#8221;#ff8a3d&#8221; button_one_border_radius_hover=&#8221;100px&#8221; button_one_letter_spacing_hover=&#8221;5px&#8221; button_one_bg_color_hover=&#8221;#ff8a3d&#8221; global_colors_info=&#8221;{}&#8221; button_one_text_size__hover_enabled=&#8221;off&#8221; button_two_text_size__hover_enabled=&#8221;off&#8221; button_one_text_color__hover_enabled=&#8221;off&#8221; button_two_text_color__hover_enabled=&#8221;off&#8221; button_one_border_width__hover_enabled=&#8221;off&#8221; button_two_border_width__hover_enabled=&#8221;off&#8221; button_one_border_color__hover_enabled=&#8221;on&#8221; button_one_border_color__hover=&#8221;#ff8a3d&#8221; button_two_border_color__hover_enabled=&#8221;off&#8221; button_one_border_radius__hover_enabled=&#8221;on&#8221; button_one_border_radius__hover=&#8221;100px&#8221; button_two_border_radius__hover_enabled=&#8221;off&#8221; button_one_letter_spacing__hover_enabled=&#8221;on&#8221; button_one_letter_spacing__hover=&#8221;5px&#8221; button_two_letter_spacing__hover_enabled=&#8221;off&#8221; button_one_bg_color__hover_enabled=&#8221;on&#8221; button_one_bg_color__hover=&#8221;#ff8a3d&#8221; button_two_bg_color__hover_enabled=&#8221;off&#8221;][\/et_pb_fullwidth_header][\/et_pb_section][et_pb_section fb_built=&#8221;1&#8243; admin_label=&#8221;Our Services&#8221; _builder_version=&#8221;4.16&#8243; custom_padding=&#8221;||3px|||&#8221; global_colors_info=&#8221;{}&#8221;][et_pb_row _builder_version=&#8221;4.16&#8243; custom_margin=&#8221;-45px|auto||auto||&#8221; custom_padding=&#8221;61px|||||&#8221; global_colors_info=&#8221;{}&#8221;][et_pb_column type=&#8221;4_4&#8243; _builder_version=&#8221;4.16&#8243; custom_padding=&#8221;|||&#8221; global_colors_info=&#8221;{}&#8221; custom_padding__hover=&#8221;|||&#8221;][et_pb_text _builder_version=&#8221;4.27.4&#8243; _module_preset=&#8221;default&#8221; text_font=&#8221;Arial||||||||&#8221; text_text_color=&#8221;rgba(0,0,0,0.78)&#8221; text_font_size=&#8221;22px&#8221; text_line_height=&#8221;1.8em&#8221; text_orientation=&#8221;center&#8221; hover_enabled=&#8221;0&#8243; text_font_size_tablet=&#8221;22px&#8221; text_font_size_phone=&#8221;16px&#8221; text_font_size_last_edited=&#8221;on|phone&#8221; global_colors_info=&#8221;{}&#8221; sticky_enabled=&#8221;0&#8243;]<\/p>\n<p data-start=\"74\" data-end=\"267\" style=\"text-align: left;\"><strong data-start=\"74\" data-end=\"95\">Beneficiary Name:<\/strong> ICSS Ltd.<br data-start=\"105\" data-end=\"108\" \/><strong data-start=\"108\" data-end=\"126\">Project Title:<\/strong> Development of a Next-Generation Modular Simulation System by ICSS Ltd.<br data-start=\"198\" data-end=\"201\" \/><strong data-start=\"201\" data-end=\"223\">Amount of Funding:<\/strong> HUF 34,985,454<br data-start=\"238\" data-end=\"241\" \/><strong data-start=\"241\" data-end=\"263\">Funding Intensity:<\/strong> 70%<\/p>\n<p data-start=\"269\" data-end=\"709\" style=\"text-align: left;\"><strong data-start=\"269\" data-end=\"293\">Project Description:<\/strong><br data-start=\"293\" data-end=\"296\" \/>The third generation of ReactiveVideo is a complex, modular training system that elevates the digitalization of firearms training to a new level. The objective of the development is to create a multi-component simulation system featuring real-time feedback, multi-projector capabilities, and XR-based technology, significantly surpassing the visual and educational effectiveness of traditional shooting exercises.<\/p>\n<p data-start=\"711\" data-end=\"994\" style=\"text-align: left;\">The system is built on an architecture consisting of four dedicated computers, with separate hardware units for projection, control, and camera image processing. The software development focuses on synchronized video display, modern camera-based evaluation, and a new user interface.<\/p>\n<p data-start=\"996\" data-end=\"1309\" style=\"text-align: left;\">Artificial intelligence-based target recognition enables adaptive, automatically responsive scenarios, reducing the need for manual intervention. The project is implemented by the internationally experienced development team of ICSS Ltd., ensuring the system\u2019s innovation, reliability, and market competitiveness.<\/p>\n<p data-start=\"1311\" data-end=\"1437\" style=\"text-align: left;\"><strong data-start=\"1311\" data-end=\"1348\">Planned Physical Completion Date:<\/strong> February 28, 2027<br data-start=\"1366\" data-end=\"1369\" \/><strong data-start=\"1369\" data-end=\"1403\">Project Identification Number:<\/strong> DIMOP_PLUSZ-1.1.2\/A-24-2025-00346<\/p>\n<p style=\"text-align: justify;\">\n<p>[\/et_pb_text][et_pb_button button_alignment=&#8221;center&#8221; _builder_version=&#8221;4.27.4&#8243; _module_preset=&#8221;default&#8221; custom_button=&#8221;on&#8221; button_text_color=&#8221;#E02B20&#8243; button_bg_color=&#8221;RGBA(255,255,255,0)&#8221; button_border_width=&#8221;5px&#8221; button_border_color=&#8221;RGBA(255,255,255,0)&#8221; button_font=&#8221;Arial||||||||&#8221; button_icon=&#8221;&#xe044;||divi||400&#8243; global_colors_info=&#8221;{}&#8221;][\/et_pb_button][\/et_pb_column][\/et_pb_row][\/et_pb_section][et_pb_section fb_built=&#8221;1&#8243; _builder_version=&#8221;4.27.4&#8243; _module_preset=&#8221;default&#8221; custom_padding=&#8221;47px||0px|||&#8221; global_colors_info=&#8221;{}&#8221;][et_pb_row _builder_version=&#8221;4.27.4&#8243; _module_preset=&#8221;default&#8221; custom_padding=&#8221;0px|||||&#8221; global_colors_info=&#8221;{}&#8221;][et_pb_column type=&#8221;4_4&#8243; _builder_version=&#8221;4.27.4&#8243; _module_preset=&#8221;default&#8221; global_colors_info=&#8221;{}&#8221;][et_pb_divider color=&#8221;rgba(0,0,0,0.44)&#8221; divider_weight=&#8221;2px&#8221; _builder_version=&#8221;4.27.4&#8243; _module_preset=&#8221;default&#8221; global_colors_info=&#8221;{}&#8221;][\/et_pb_divider][\/et_pb_column][\/et_pb_row][\/et_pb_section][et_pb_section fb_built=&#8221;1&#8243; custom_padding_last_edited=&#8221;off|desktop&#8221; admin_label=&#8221;Footer&#8221; _builder_version=&#8221;4.23.1&#8243; background_enable_image=&#8221;off&#8221; custom_margin=&#8221;|||&#8221; custom_padding=&#8221;232px|0px|101px|0px|false|false&#8221; custom_padding_tablet=&#8221;10vw||10vw||true&#8221; custom_padding_phone=&#8221;5vw||5vw||true&#8221; global_module=&#8221;366&#8243; saved_tabs=&#8221;all&#8221; locked=&#8221;off&#8221; global_colors_info=&#8221;{}&#8221;][et_pb_row use_custom_gutter=&#8221;on&#8221; _builder_version=&#8221;4.23.1&#8243; _module_preset=&#8221;default&#8221; custom_margin=&#8221;-173px|auto|-173px|auto|true|false&#8221; custom_padding=&#8221;0px||0px||true|false&#8221; box_shadow_style=&#8221;preset3&#8243; global_colors_info=&#8221;{}&#8221;][et_pb_column type=&#8221;4_4&#8243; _builder_version=&#8221;4.23.1&#8243; _module_preset=&#8221;default&#8221; global_colors_info=&#8221;{}&#8221;][et_pb_image src=&#8221;https:\/\/icss.hu\/wp-content\/uploads\/2023\/11\/ic_logo-300&#215;99-1.jpg&#8221; title_text=&#8221;ic_logo-300&#215;99&#8243; align=&#8221;center&#8221; _builder_version=&#8221;4.27.4&#8243; _module_preset=&#8221;default&#8221; width=&#8221;20%&#8221; global_colors_info=&#8221;{}&#8221;][\/et_pb_image][et_pb_text _builder_version=&#8221;4.23.1&#8243; _module_preset=&#8221;default&#8221; text_font=&#8221;Arial|300|||||||&#8221; text_font_size=&#8221;11px&#8221; header_3_font=&#8221;Arial|300||on|||||&#8221; header_3_text_color=&#8221;#E02B20&#8243; header_3_font_size=&#8221;16px&#8221; header_4_font=&#8221;Arial|300|||||||&#8221; header_4_font_size=&#8221;15px&#8221; header_4_line_height=&#8221;1.2em&#8221; custom_margin=&#8221;0px|0px|0px|0px|true|true&#8221; custom_padding=&#8221;0px||0px||true|false&#8221; global_colors_info=&#8221;{}&#8221;]<\/p>\n<h4 style=\"text-align: center;\"><strong>Inter Computer Software Services Kft.<\/strong><br \/>1116 Budapest, XI. S\u00e1fr\u00e1ny u. 5.<br \/>Tel: (1) 481-3040<br \/>Fax: (1) 481-3041<br \/><\/h4>\n<p>&nbsp;<\/p>\n<p>[\/et_pb_text][\/et_pb_column][\/et_pb_row][\/et_pb_section][et_pb_section fb_built=&#8221;1&#8243; custom_padding_last_edited=&#8221;off|desktop&#8221; admin_label=&#8221;Footer&#8221; _builder_version=&#8221;4.23.1&#8243; background_enable_image=&#8221;off&#8221; custom_margin=&#8221;0px||0px||true|false&#8221; custom_padding=&#8221;28px|0px|0px|0px|false|false&#8221; custom_padding_tablet=&#8221;10vw||10vw||true&#8221; custom_padding_phone=&#8221;5vw||5vw||true&#8221; locked=&#8221;off&#8221; global_colors_info=&#8221;{}&#8221;][et_pb_row use_custom_gutter=&#8221;on&#8221; _builder_version=&#8221;4.23.1&#8243; _module_preset=&#8221;default&#8221; custom_margin=&#8221;0px||0px||true|false&#8221; custom_padding=&#8221;0px||0px||true|false&#8221; global_colors_info=&#8221;{}&#8221;][et_pb_column type=&#8221;4_4&#8243; _builder_version=&#8221;4.23.1&#8243; _module_preset=&#8221;default&#8221; global_colors_info=&#8221;{}&#8221;][et_pb_text _builder_version=&#8221;4.23.1&#8243; _module_preset=&#8221;default&#8221; header_4_font=&#8221;|300|||||||&#8221; header_4_line_height=&#8221;1.4em&#8221; header_6_font=&#8221;|300|||||||&#8221; custom_margin=&#8221;0px|0px|0px|0px|true|true&#8221; custom_padding=&#8221;0px||0px||true|false&#8221; global_colors_info=&#8221;{}&#8221;]<\/p>\n<h6 style=\"text-align: center;\">Inter Computer Software Services Kft. 2023. <span style=\"color: #ff0000;\">Adatkezel\u00e9si T\u00e1j\u00e9koztat\u00f3<\/span><br \/><strong><a href=\"mailto:iroda@icss.hu\"><\/a><\/strong><\/h6>\n<p>&nbsp;<\/p>\n<p>[\/et_pb_text][\/et_pb_column][\/et_pb_row][\/et_pb_section]<\/p>\n","protected":false},"excerpt":{"rendered":"<p>Beneficiary Name: ICSS Ltd.Project Title: Development of a Next-Generation Modular Simulation System by ICSS Ltd.Amount of Funding: HUF 34,985,454Funding Intensity: 70% Project Description:The third generation of ReactiveVideo is a complex, modular training system that elevates the digitalization of firearms training to a new level. The objective of the development is to create a multi-component simulation [&hellip;]<\/p>\n","protected":false},"author":2,"featured_media":0,"parent":0,"menu_order":0,"comment_status":"closed","ping_status":"closed","template":"","meta":{"_et_pb_use_builder":"on","_et_pb_old_content":"","_et_gb_content_width":"","footnotes":""},"class_list":["post-987512237","page","type-page","status-publish","hentry"],"_links":{"self":[{"href":"https:\/\/icss.hu\/index.php\/wp-json\/wp\/v2\/pages\/987512237","targetHints":{"allow":["GET"]}}],"collection":[{"href":"https:\/\/icss.hu\/index.php\/wp-json\/wp\/v2\/pages"}],"about":[{"href":"https:\/\/icss.hu\/index.php\/wp-json\/wp\/v2\/types\/page"}],"author":[{"embeddable":true,"href":"https:\/\/icss.hu\/index.php\/wp-json\/wp\/v2\/users\/2"}],"replies":[{"embeddable":true,"href":"https:\/\/icss.hu\/index.php\/wp-json\/wp\/v2\/comments?post=987512237"}],"version-history":[{"count":4,"href":"https:\/\/icss.hu\/index.php\/wp-json\/wp\/v2\/pages\/987512237\/revisions"}],"predecessor-version":[{"id":987512289,"href":"https:\/\/icss.hu\/index.php\/wp-json\/wp\/v2\/pages\/987512237\/revisions\/987512289"}],"wp:attachment":[{"href":"https:\/\/icss.hu\/index.php\/wp-json\/wp\/v2\/media?parent=987512237"}],"curies":[{"name":"wp","href":"https:\/\/api.w.org\/{rel}","templated":true}]}}