{"id":987511755,"date":"2024-05-09T11:23:08","date_gmt":"2024-05-09T09:23:08","guid":{"rendered":"https:\/\/icss.hu\/?page_id=987511755"},"modified":"2026-04-14T12:07:55","modified_gmt":"2026-04-14T10:07:55","slug":"our-customers","status":"publish","type":"page","link":"https:\/\/icss.hu\/index.php\/en\/our-customers\/","title":{"rendered":"Our Customers"},"content":{"rendered":"<p>[et_pb_section fb_built=&#8221;1&#8243; fullwidth=&#8221;on&#8221; admin_label=&#8221;Hero&#8221; _builder_version=&#8221;4.23.1&#8243; use_background_color_gradient=&#8221;on&#8221; background_color_gradient_stops=&#8221;#6b6b6b 2%|#898989 99%&#8221; background_image=&#8221;https:\/\/icss.hu\/wp-content\/uploads\/2023\/11\/it-services-02.jpg&#8221; parallax=&#8221;on&#8221; custom_padding=&#8221;0px|0|0px|0px|false|false&#8221; global_colors_info=&#8221;{}&#8221;][et_pb_fullwidth_header text_orientation=&#8221;center&#8221; header_fullscreen=&#8221;on&#8221; admin_label=&#8221;Fullwidth Header&#8221; _builder_version=&#8221;4.27.4&#8243; title_font=&#8221;Arial|600|||||||&#8221; title_text_align=&#8221;center&#8221; title_text_color=&#8221;#FFFFFF&#8221; title_font_size=&#8221;37px&#8221; title_letter_spacing=&#8221;1.1px&#8221; title_line_height=&#8221;1.1em&#8221; content_font=&#8221;Arial|300|||||||&#8221; content_text_align=&#8221;center&#8221; content_font_size=&#8221;33px&#8221; content_line_height=&#8221;1.8em&#8221; background_color=&#8221;rgba(158,158,158,0.6)&#8221; use_background_color_gradient=&#8221;on&#8221; background_color_gradient_direction=&#8221;13deg&#8221; background_color_gradient_stops=&#8221;#b2b2b2 0%|rgba(1,18,48,0.05) 41%&#8221; parallax=&#8221;on&#8221; parallax_method=&#8221;on&#8221; custom_button_one=&#8221;on&#8221; button_one_text_size=&#8221;15px&#8221; button_one_bg_color=&#8221;#ffa727&#8243; button_one_border_width=&#8221;15px&#8221; button_one_border_color=&#8221;#ffa727&#8243; button_one_border_radius=&#8221;100px&#8221; button_one_letter_spacing=&#8221;5px&#8221; button_one_font=&#8221;Open Sans|700||on|||||&#8221; custom_margin=&#8221;-101px||||false|false&#8221; custom_padding=&#8221;4vw||3vw||false|&#8221; custom_padding_tablet=&#8221;100px||100px||true&#8221; custom_padding_phone=&#8221;|||&#8221; custom_padding_last_edited=&#8221;on|desktop&#8221; title_font_size_tablet=&#8221;60px&#8221; title_font_size_phone=&#8221;36px&#8221; title_font_size_last_edited=&#8221;on|phone&#8221; content_font_size_tablet=&#8221;&#8221; content_font_size_phone=&#8221;24px&#8221; content_font_size_last_edited=&#8221;on|phone&#8221; button_one_text_size_tablet=&#8221;&#8221; button_one_text_size_phone=&#8221;&#8221; button_one_text_size_last_edited=&#8221;on|desktop&#8221; text_shadow_style=&#8221;preset1&#8243; text_shadow_color=&#8221;#000000&#8243; button_one_border_color_hover=&#8221;#ff8a3d&#8221; button_one_border_radius_hover=&#8221;100px&#8221; button_one_letter_spacing_hover=&#8221;5px&#8221; button_one_bg_color_hover=&#8221;#ff8a3d&#8221; global_colors_info=&#8221;{}&#8221; button_one_text_size__hover_enabled=&#8221;off&#8221; button_two_text_size__hover_enabled=&#8221;off&#8221; button_one_text_color__hover_enabled=&#8221;off&#8221; button_two_text_color__hover_enabled=&#8221;off&#8221; button_one_border_width__hover_enabled=&#8221;off&#8221; button_two_border_width__hover_enabled=&#8221;off&#8221; button_one_border_color__hover_enabled=&#8221;on&#8221; button_one_border_color__hover=&#8221;#ff8a3d&#8221; button_two_border_color__hover_enabled=&#8221;off&#8221; button_one_border_radius__hover_enabled=&#8221;on&#8221; button_one_border_radius__hover=&#8221;100px&#8221; button_two_border_radius__hover_enabled=&#8221;off&#8221; button_one_letter_spacing__hover_enabled=&#8221;on&#8221; button_one_letter_spacing__hover=&#8221;5px&#8221; button_two_letter_spacing__hover_enabled=&#8221;off&#8221; button_one_bg_color__hover_enabled=&#8221;on&#8221; button_one_bg_color__hover=&#8221;#ff8a3d&#8221; button_two_bg_color__hover_enabled=&#8221;off&#8221;]<\/p>\n<p style=\"text-align: justify;\">Our group of companies has been providing outstanding services in the field of mainframe systems for 20 years.<\/p>\n<p>[\/et_pb_fullwidth_header][\/et_pb_section][et_pb_section fb_built=&#8221;1&#8243; _builder_version=&#8221;4.23.1&#8243; _module_preset=&#8221;default&#8221; custom_padding=&#8221;||0px|||&#8221; global_colors_info=&#8221;{}&#8221;][et_pb_row _builder_version=&#8221;4.27.4&#8243; _module_preset=&#8221;default&#8221; global_colors_info=&#8221;{}&#8221;][et_pb_column type=&#8221;4_4&#8243; _builder_version=&#8221;4.23.1&#8243; _module_preset=&#8221;default&#8221; global_colors_info=&#8221;{}&#8221;][et_pb_text _builder_version=&#8221;4.27.4&#8243; _module_preset=&#8221;default&#8221; text_font=&#8221;Arial|300|||||||&#8221; text_font_size=&#8221;18px&#8221; text_letter_spacing=&#8221;1px&#8221; text_line_height=&#8221;1.8em&#8221; text_orientation=&#8221;center&#8221; global_colors_info=&#8221;{}&#8221;]<\/p>\n<p style=\"text-align: justify;\"><strong><span>As a member of the Inter-Computer Group, we have numerous references.<\/span><\/strong><\/p>\n<p style=\"text-align: justify;\">Based on our expertise and experience, our clients can always count on precise and efficient solutions. We are committed to reliability, so our systems and services operate at a consistently high level. Thanks to our customer-centric approach, we tailor each project to individual needs, ensuring stability and long-term business success.<\/p>\n<p>[\/et_pb_text][\/et_pb_column][\/et_pb_row][\/et_pb_section][et_pb_section fb_built=&#8221;1&#8243; _builder_version=&#8221;4.23.1&#8243; _module_preset=&#8221;default&#8221; custom_margin=&#8221;||-82px|||&#8221; custom_padding=&#8221;0px|||||&#8221; global_colors_info=&#8221;{}&#8221;][et_pb_row _builder_version=&#8221;4.23.1&#8243; _module_preset=&#8221;default&#8221; custom_padding=&#8221;56px|||||&#8221; global_colors_info=&#8221;{}&#8221;][et_pb_column type=&#8221;4_4&#8243; _builder_version=&#8221;4.23.1&#8243; _module_preset=&#8221;default&#8221; global_colors_info=&#8221;{}&#8221;][divi8_logo_carousel divi8_sliderperview=&#8221;5&#8243; divi8_sliderspeed=&#8221;2664&#8243; divi8_sliderspcbtn=&#8221;13&#8243; divi8_slider_autoplaydelay=&#8221;2555&#8243; divi8_auto_height=&#8221;on&#8221; divi8_pagi_bullet_color=&#8221;#E02B20&#8243; divi8_pagi_size=&#8221;16&#8243; divi8_arrow_show_hide=&#8221;off&#8221; divi8_arrow_icon_show_hide=&#8221;on&#8221; divi8_left_icon=&#8221;&#x38;||divi||400&#8243; divi8_right_icon=&#8221;&#x39;||divi||400&#8243; _builder_version=&#8221;4.23.1&#8243; _module_preset=&#8221;default&#8221; global_colors_info=&#8221;{}&#8221;][divi8_logo_carousel_item img=&#8221;https:\/\/icss.hu\/wp-content\/uploads\/2024\/03\/partner_allamkincstar.jpg&#8221; _builder_version=&#8221;4.23.1&#8243; _module_preset=&#8221;default&#8221; global_colors_info=&#8221;{}&#8221;][\/divi8_logo_carousel_item][divi8_logo_carousel_item img=&#8221;https:\/\/icss.hu\/wp-content\/uploads\/2024\/03\/partner_fundamenta.jpg&#8221; _builder_version=&#8221;4.23.1&#8243; _module_preset=&#8221;default&#8221; global_colors_info=&#8221;{}&#8221;][\/divi8_logo_carousel_item][divi8_logo_carousel_item img=&#8221;https:\/\/icss.hu\/wp-content\/uploads\/2024\/03\/partner_dunaferr.jpg&#8221; _builder_version=&#8221;4.23.1&#8243; _module_preset=&#8221;default&#8221; global_colors_info=&#8221;{}&#8221;][\/divi8_logo_carousel_item][divi8_logo_carousel_item img=&#8221;https:\/\/icss.hu\/wp-content\/uploads\/2024\/03\/partner_raiffeisen.jpg&#8221; _builder_version=&#8221;4.23.1&#8243; _module_preset=&#8221;default&#8221; global_colors_info=&#8221;{}&#8221;][\/divi8_logo_carousel_item][divi8_logo_carousel_item img=&#8221;https:\/\/icss.hu\/wp-content\/uploads\/2023\/11\/partner_ksh.jpg&#8221; _builder_version=&#8221;4.23.1&#8243; _module_preset=&#8221;default&#8221; global_colors_info=&#8221;{}&#8221;][\/divi8_logo_carousel_item][divi8_logo_carousel_item img=&#8221;https:\/\/icss.hu\/wp-content\/uploads\/2024\/03\/it-1.png&#8221; _builder_version=&#8221;4.23.1&#8243; _module_preset=&#8221;default&#8221; global_colors_info=&#8221;{}&#8221;][\/divi8_logo_carousel_item][divi8_logo_carousel_item img=&#8221;https:\/\/icss.hu\/wp-content\/uploads\/2023\/11\/partner_szerencsejatek.jpg&#8221; _builder_version=&#8221;4.23.1&#8243; _module_preset=&#8221;default&#8221; global_colors_info=&#8221;{}&#8221;][\/divi8_logo_carousel_item][divi8_logo_carousel_item img=&#8221;https:\/\/icss.hu\/wp-content\/uploads\/2024\/03\/iqsoft.png&#8221; _builder_version=&#8221;4.23.1&#8243; _module_preset=&#8221;default&#8221; global_colors_info=&#8221;{}&#8221;][\/divi8_logo_carousel_item][divi8_logo_carousel_item img=&#8221;https:\/\/icss.hu\/wp-content\/uploads\/2024\/03\/cetelem.png&#8221; _builder_version=&#8221;4.23.1&#8243; _module_preset=&#8221;default&#8221; global_colors_info=&#8221;{}&#8221;][\/divi8_logo_carousel_item][divi8_logo_carousel_item img=&#8221;https:\/\/icss.hu\/wp-content\/uploads\/2024\/03\/kromat-1.png&#8221; _builder_version=&#8221;4.23.1&#8243; _module_preset=&#8221;default&#8221; global_colors_info=&#8221;{}&#8221;][\/divi8_logo_carousel_item][divi8_logo_carousel_item img=&#8221;https:\/\/icss.hu\/wp-content\/uploads\/2024\/03\/obo.png&#8221; _builder_version=&#8221;4.23.1&#8243; _module_preset=&#8221;default&#8221; global_colors_info=&#8221;{}&#8221;][\/divi8_logo_carousel_item][divi8_logo_carousel_item img=&#8221;https:\/\/icss.hu\/wp-content\/uploads\/2024\/03\/training.png&#8221; _builder_version=&#8221;4.23.1&#8243; _module_preset=&#8221;default&#8221; global_colors_info=&#8221;{}&#8221;][\/divi8_logo_carousel_item][\/divi8_logo_carousel][\/et_pb_column][\/et_pb_row][\/et_pb_section][et_pb_section fb_built=&#8221;1&#8243; admin_label=&#8221;Testimonials&#8221; _builder_version=&#8221;4.16&#8243; custom_padding=&#8221;0px|0px|54px|0px|false|false&#8221; global_colors_info=&#8221;{}&#8221;][et_pb_row column_structure=&#8221;1_2,1_2&#8243; use_custom_gutter=&#8221;on&#8221; make_equal=&#8221;on&#8221; _builder_version=&#8221;4.16&#8243; custom_padding=&#8221;48px|||||&#8221; use_custom_width=&#8221;on&#8221; global_colors_info=&#8221;{}&#8221;][et_pb_column type=&#8221;1_2&#8243; _builder_version=&#8221;4.16&#8243; custom_padding=&#8221;|||&#8221; global_colors_info=&#8221;{}&#8221; custom_padding__hover=&#8221;|||&#8221;][et_pb_testimonial author=&#8221;Miha Klaj&#8221; job_title=&#8221;Head of IT System department&#8221; company_name=&#8221;Zavod za zdravstveno zavarovanje Slovenije&#8221; portrait_url=&#8221;https:\/\/icss.hu\/wp-content\/uploads\/2023\/11\/quote-dark.png&#8221; quote_icon=&#8221;off&#8221; quote_icon_color=&#8221;#15314E&#8221; quote_icon_background_color=&#8221;#ffffff&#8221; portrait_width=&#8221;32px&#8221; portrait_height=&#8221;32px&#8221; _builder_version=&#8221;4.27.6&#8243; body_font=&#8221;Open Sans||||||||&#8221; body_font_size=&#8221;16px&#8221; body_line_height=&#8221;2em&#8221; background_color=&#8221;#ffffff&#8221; animation_style=&#8221;fold&#8221; animation_delay=&#8221;400ms&#8221; hover_enabled=&#8221;0&#8243; border_width_all=&#8221;1px&#8221; border_color_all=&#8221;rgba(21,49,78,0.2)&#8221; border_radii_portrait=&#8221;on|0px|0px|0px|0px&#8221; box_shadow_style_image=&#8221;preset1&#8243; locked=&#8221;off&#8221; global_colors_info=&#8221;{}&#8221; sticky_enabled=&#8221;0&#8243;]<\/p>\n<p style=\"text-align: justify;\"><span>I had a great experience working with ICSS -their team is highly skilled <\/span><span>and <\/span><span>provided excellent IT solutions that addressed our business needs. <\/span><span>ICSS delivered outstanding service, professionalism and reliable delivery, <\/span><span>making them a top choice for our collaboration.<\/span><\/p>\n<p>[\/et_pb_testimonial][et_pb_testimonial author=&#8221;Ale\u0161 Vicozi &#8221; job_title=&#8221;IT specialist&#8221; company_name=&#8221;IBM Slovenia&#8221; portrait_url=&#8221;https:\/\/icss.hu\/wp-content\/uploads\/2023\/11\/quote-dark.png&#8221; quote_icon=&#8221;off&#8221; quote_icon_color=&#8221;#15314E&#8221; quote_icon_background_color=&#8221;#ffffff&#8221; portrait_width=&#8221;32px&#8221; portrait_height=&#8221;32px&#8221; _builder_version=&#8221;4.27.6&#8243; body_font=&#8221;Open Sans||||||||&#8221; body_font_size=&#8221;16px&#8221; body_line_height=&#8221;2em&#8221; background_color=&#8221;#ffffff&#8221; animation_style=&#8221;fold&#8221; animation_delay=&#8221;400ms&#8221; hover_enabled=&#8221;0&#8243; border_width_all=&#8221;1px&#8221; border_color_all=&#8221;rgba(21,49,78,0.2)&#8221; border_radii_portrait=&#8221;on|0px|0px|0px|0px&#8221; box_shadow_style_image=&#8221;preset1&#8243; locked=&#8221;off&#8221; global_colors_info=&#8221;{}&#8221; sticky_enabled=&#8221;0&#8243;]<\/p>\n<p style=\"text-align: justify;\"><span>The ICSS team is a group of very skilled mainframe experts who consistently deliver outstanding results. They are extremely responsive, reliable, and capable of resolving even the most complex issues. Their professionalism and careful consideration before every change makes them a team that can be fully trusted.<\/span><\/p>\n<p>[\/et_pb_testimonial][\/et_pb_column][et_pb_column type=&#8221;1_2&#8243; _builder_version=&#8221;4.16&#8243; custom_padding=&#8221;|||&#8221; global_colors_info=&#8221;{}&#8221; custom_padding__hover=&#8221;|||&#8221;][et_pb_testimonial author=&#8221;Dobromir Ivanov&#8221; job_title=&#8221;Technical Supervisor for DSK project&#8221; company_name=&#8221;Kyndryl Bulgaria&#8221; portrait_url=&#8221;https:\/\/icss.hu\/wp-content\/uploads\/2023\/11\/quote-dark.png&#8221; quote_icon=&#8221;off&#8221; quote_icon_color=&#8221;#15314e&#8221; quote_icon_background_color=&#8221;#ffffff&#8221; portrait_width=&#8221;32px&#8221; portrait_height=&#8221;32px&#8221; _builder_version=&#8221;4.27.6&#8243; body_font=&#8221;Open Sans||||||||&#8221; body_font_size=&#8221;16px&#8221; body_line_height=&#8221;2em&#8221; background_color=&#8221;#f1f1f1&#8243; animation_style=&#8221;fold&#8221; animation_delay=&#8221;200ms&#8221; hover_enabled=&#8221;0&#8243; border_radii_portrait=&#8221;on|0px|0px|0px|0px&#8221; box_shadow_style_image=&#8221;preset1&#8243; global_colors_info=&#8221;{}&#8221; sticky_enabled=&#8221;0&#8243;]<\/p>\n<p style=\"text-align: justify;\"><span>I had the pleasure to work with ICSS for a Core Banking hardware platform migration project (for DSK Bank). Usually such project takes about 18 months, but the professionalism, the determination and the passion for success of the specialists from ICSS made it possible for less that 9 months only. The migration was thoroughly prepared in unseen partnership between Inter Computers, ICSS, IBM, Kyndryl, and DSK Bank. It was amazing to watch how the actual switchover between platforms happened without any issue neither to the bank neither to the bank clients. It was honor for me to participate in this project with ICSS.<\/span><\/p>\n<p>[\/et_pb_testimonial][\/et_pb_column][\/et_pb_row][\/et_pb_section][et_pb_section fb_built=&#8221;1&#8243; _builder_version=&#8221;4.27.4&#8243; _module_preset=&#8221;default&#8221; custom_padding=&#8221;||0px|||&#8221; global_colors_info=&#8221;{}&#8221;][et_pb_row _builder_version=&#8221;4.27.4&#8243; _module_preset=&#8221;default&#8221; global_colors_info=&#8221;{}&#8221;][et_pb_column type=&#8221;4_4&#8243; _builder_version=&#8221;4.27.4&#8243; _module_preset=&#8221;default&#8221; global_colors_info=&#8221;{}&#8221;][et_pb_divider _builder_version=&#8221;4.27.4&#8243; _module_preset=&#8221;default&#8221; global_colors_info=&#8221;{}&#8221;][\/et_pb_divider][\/et_pb_column][\/et_pb_row][\/et_pb_section][et_pb_section fb_built=&#8221;1&#8243; custom_padding_last_edited=&#8221;off|desktop&#8221; admin_label=&#8221;Footer&#8221; _builder_version=&#8221;4.23.1&#8243; background_enable_image=&#8221;off&#8221; custom_margin=&#8221;|||&#8221; custom_padding=&#8221;232px|0px|101px|0px|false|false&#8221; custom_padding_tablet=&#8221;10vw||10vw||true&#8221; custom_padding_phone=&#8221;5vw||5vw||true&#8221; global_module=&#8221;366&#8243; saved_tabs=&#8221;all&#8221; locked=&#8221;off&#8221; global_colors_info=&#8221;{}&#8221;][et_pb_row use_custom_gutter=&#8221;on&#8221; _builder_version=&#8221;4.23.1&#8243; _module_preset=&#8221;default&#8221; custom_margin=&#8221;-173px|auto|-173px|auto|true|false&#8221; custom_padding=&#8221;0px||0px||true|false&#8221; box_shadow_style=&#8221;preset3&#8243; global_colors_info=&#8221;{}&#8221;][et_pb_column type=&#8221;4_4&#8243; _builder_version=&#8221;4.23.1&#8243; _module_preset=&#8221;default&#8221; global_colors_info=&#8221;{}&#8221;][et_pb_image src=&#8221;https:\/\/icss.hu\/wp-content\/uploads\/2023\/11\/ic_logo-300&#215;99-1.jpg&#8221; title_text=&#8221;ic_logo-300&#215;99&#8243; align=&#8221;center&#8221; _builder_version=&#8221;4.27.4&#8243; _module_preset=&#8221;default&#8221; width=&#8221;20%&#8221; global_colors_info=&#8221;{}&#8221;][\/et_pb_image][et_pb_text _builder_version=&#8221;4.23.1&#8243; _module_preset=&#8221;default&#8221; text_font=&#8221;Arial|300|||||||&#8221; text_font_size=&#8221;11px&#8221; header_3_font=&#8221;Arial|300||on|||||&#8221; header_3_text_color=&#8221;#E02B20&#8243; header_3_font_size=&#8221;16px&#8221; header_4_font=&#8221;Arial|300|||||||&#8221; header_4_font_size=&#8221;15px&#8221; header_4_line_height=&#8221;1.2em&#8221; custom_margin=&#8221;0px|0px|0px|0px|true|true&#8221; custom_padding=&#8221;0px||0px||true|false&#8221; global_colors_info=&#8221;{}&#8221;]<\/p>\n<h4 style=\"text-align: center;\"><strong>Inter Computer Software Services Kft.<\/strong><br \/>1116 Budapest, XI. S\u00e1fr\u00e1ny u. 5.<br \/>Tel: (1) 481-3040<br \/>Fax: (1) 481-3041<br \/><\/h4>\n<p>&nbsp;<\/p>\n<p>[\/et_pb_text][\/et_pb_column][\/et_pb_row][\/et_pb_section][et_pb_section fb_built=&#8221;1&#8243; custom_padding_last_edited=&#8221;off|desktop&#8221; admin_label=&#8221;Footer&#8221; _builder_version=&#8221;4.23.1&#8243; background_enable_image=&#8221;off&#8221; custom_margin=&#8221;0px||0px||true|false&#8221; custom_padding=&#8221;28px|0px|0px|0px|false|false&#8221; custom_padding_tablet=&#8221;10vw||10vw||true&#8221; custom_padding_phone=&#8221;5vw||5vw||true&#8221; locked=&#8221;off&#8221; global_colors_info=&#8221;{}&#8221;][et_pb_row use_custom_gutter=&#8221;on&#8221; _builder_version=&#8221;4.23.1&#8243; _module_preset=&#8221;default&#8221; custom_margin=&#8221;0px||0px||true|false&#8221; custom_padding=&#8221;0px||0px||true|false&#8221; global_colors_info=&#8221;{}&#8221;][et_pb_column type=&#8221;4_4&#8243; _builder_version=&#8221;4.23.1&#8243; _module_preset=&#8221;default&#8221; global_colors_info=&#8221;{}&#8221;][et_pb_text _builder_version=&#8221;4.23.1&#8243; _module_preset=&#8221;default&#8221; text_font=&#8221;Arial||||||||&#8221; header_4_font=&#8221;|300|||||||&#8221; header_4_line_height=&#8221;1.4em&#8221; header_6_font=&#8221;Arial|300|||||||&#8221; custom_margin=&#8221;0px|0px|0px|0px|true|true&#8221; custom_padding=&#8221;24px||24px||true|false&#8221; global_colors_info=&#8221;{}&#8221;]<\/p>\n<h6 style=\"text-align: center;\"><img decoding=\"async\" src=\"https:\/\/icss.hu\/wp-content\/uploads\/2024\/03\/favicon.png\" width=\"43\" height=\"43\" alt=\"\" class=\"wp-image-359 aligncenter size-full\" \/>\u00aeInter Computer Csoport 2024. <span style=\"color: #ff0000;\">Adatkezel\u00e9si T\u00e1j\u00e9koztat\u00f3<\/span><strong><a href=\"mailto:iroda@icss.hu\"><\/a><\/strong><\/h6>\n<p>[\/et_pb_text][\/et_pb_column][\/et_pb_row][\/et_pb_section]<\/p>\n","protected":false},"excerpt":{"rendered":"<p>Our group of companies has been providing outstanding services in the field of mainframe systems for 20 years.As a member of the Inter-Computer Group, we have numerous references. Based on our expertise and experience, our clients can always count on precise and efficient solutions. We are committed to reliability, so our systems and services operate [&hellip;]<\/p>\n","protected":false},"author":1,"featured_media":0,"parent":0,"menu_order":0,"comment_status":"closed","ping_status":"closed","template":"","meta":{"_et_pb_use_builder":"on","_et_pb_old_content":"","_et_gb_content_width":"","footnotes":""},"class_list":["post-987511755","page","type-page","status-publish","hentry"],"_links":{"self":[{"href":"https:\/\/icss.hu\/index.php\/wp-json\/wp\/v2\/pages\/987511755","targetHints":{"allow":["GET"]}}],"collection":[{"href":"https:\/\/icss.hu\/index.php\/wp-json\/wp\/v2\/pages"}],"about":[{"href":"https:\/\/icss.hu\/index.php\/wp-json\/wp\/v2\/types\/page"}],"author":[{"embeddable":true,"href":"https:\/\/icss.hu\/index.php\/wp-json\/wp\/v2\/users\/1"}],"replies":[{"embeddable":true,"href":"https:\/\/icss.hu\/index.php\/wp-json\/wp\/v2\/comments?post=987511755"}],"version-history":[{"count":17,"href":"https:\/\/icss.hu\/index.php\/wp-json\/wp\/v2\/pages\/987511755\/revisions"}],"predecessor-version":[{"id":987512318,"href":"https:\/\/icss.hu\/index.php\/wp-json\/wp\/v2\/pages\/987511755\/revisions\/987512318"}],"wp:attachment":[{"href":"https:\/\/icss.hu\/index.php\/wp-json\/wp\/v2\/media?parent=987511755"}],"curies":[{"name":"wp","href":"https:\/\/api.w.org\/{rel}","templated":true}]}}